{"id":144,"date":"2026-01-30T09:16:32","date_gmt":"2026-01-30T09:16:32","guid":{"rendered":"https:\/\/espnworkshop.org\/?page_id=144"},"modified":"2026-04-28T07:04:05","modified_gmt":"2026-04-28T07:04:05","slug":"venues","status":"publish","type":"page","link":"https:\/\/espnworkshop.org\/index.php\/venues\/","title":{"rendered":"Venues"},"content":{"rendered":"\t\t<div data-elementor-type=\"wp-page\" data-elementor-id=\"144\" class=\"elementor elementor-144\" data-elementor-post-type=\"page\">\n\t\t\t\t<div class=\"elementor-element elementor-element-250b0b2 e-con-full e-flex e-con e-parent\" data-id=\"250b0b2\" data-element_type=\"container\" data-e-type=\"container\" data-settings=\"{&quot;background_background&quot;:&quot;classic&quot;,&quot;shape_divider_bottom&quot;:&quot;mountains&quot;}\">\n\t\t\t\t<div class=\"elementor-shape elementor-shape-bottom\" aria-hidden=\"true\" data-negative=\"false\">\n\t\t\t<svg xmlns=\"http:\/\/www.w3.org\/2000\/svg\" viewBox=\"0 0 1000 100\" preserveAspectRatio=\"none\">\n\t<path class=\"elementor-shape-fill\" opacity=\"0.33\" d=\"M473,67.3c-203.9,88.3-263.1-34-320.3,0C66,119.1,0,59.7,0,59.7V0h1000v59.7 c0,0-62.1,26.1-94.9,29.3c-32.8,3.3-62.8-12.3-75.8-22.1C806,49.6,745.3,8.7,694.9,4.7S492.4,59,473,67.3z\"\/>\n\t<path class=\"elementor-shape-fill\" opacity=\"0.66\" d=\"M734,67.3c-45.5,0-77.2-23.2-129.1-39.1c-28.6-8.7-150.3-10.1-254,39.1 s-91.7-34.4-149.2,0C115.7,118.3,0,39.8,0,39.8V0h1000v36.5c0,0-28.2-18.5-92.1-18.5C810.2,18.1,775.7,67.3,734,67.3z\"\/>\n\t<path class=\"elementor-shape-fill\" d=\"M766.1,28.9c-200-57.5-266,65.5-395.1,19.5C242,1.8,242,5.4,184.8,20.6C128,35.8,132.3,44.9,89.9,52.5C28.6,63.7,0,0,0,0 h1000c0,0-9.9,40.9-83.6,48.1S829.6,47,766.1,28.9z\"\/>\n<\/svg>\t\t<\/div>\n\t\t\t\t<div class=\"elementor-element elementor-element-fff08f1 elementor-widget__width-inherit elementor-widget elementor-widget-html\" data-id=\"fff08f1\" data-element_type=\"widget\" data-e-type=\"widget\" data-widget_type=\"html.default\">\n\t\t\t\t\t<div class=\"bird-container bird-container--one\">\n\t\t<div class=\"bird bird--one\"><\/div>\n\t<\/div>\n\t\n\t<div class=\"bird-container bird-container--two\">\n\t\t<div class=\"bird bird--two\"><\/div>\n\t<\/div>\n\t\n\t<div class=\"bird-container bird-container--three\">\n\t\t<div class=\"bird bird--three\"><\/div>\n\t<\/div>\n\t\n\t<div class=\"bird-container bird-container--four\">\n\t\t<div class=\"bird bird--four\"><\/div>\n\t<\/div>\t\t\t\t<\/div>\n\t\t\t\t<\/div>\n\t\t<div class=\"elementor-element elementor-element-cd48f29 e-flex e-con-boxed e-con e-parent\" data-id=\"cd48f29\" data-element_type=\"container\" data-e-type=\"container\">\n\t\t\t\t\t<div class=\"e-con-inner\">\n\t\t<div class=\"elementor-element elementor-element-c41b908 e-con-full e-flex e-con e-child\" data-id=\"c41b908\" data-element_type=\"container\" data-e-type=\"container\">\n\t\t\t\t<div class=\"elementor-element elementor-element-8673232 elementor-widget elementor-widget-heading\" data-id=\"8673232\" data-element_type=\"widget\" data-e-type=\"widget\" data-widget_type=\"heading.default\">\n\t\t\t\t\t<h2 class=\"elementor-heading-title elementor-size-default\">THEORETICAL PART<\/h2>\t\t\t\t<\/div>\n\t\t\t\t<div class=\"elementor-element elementor-element-8376462 elementor-widget elementor-widget-heading\" data-id=\"8376462\" data-element_type=\"widget\" data-e-type=\"widget\" data-widget_type=\"heading.default\">\n\t\t\t\t\t<h2 class=\"elementor-heading-title elementor-size-default\">H\u00f4pital Louis Pradel, Lyon<\/h2>\t\t\t\t<\/div>\n\t\t\t\t<div class=\"elementor-element elementor-element-218ce4f elementor-widget elementor-widget-text-editor\" data-id=\"218ce4f\" data-element_type=\"widget\" data-e-type=\"widget\" data-widget_type=\"text-editor.default\">\n\t\t\t\t\t\t\t\t\t<p><strong>First &amp; Second Day<br \/><\/strong>Saturday, June 27 and Sunday, June 28, 2026<\/p>\t\t\t\t\t\t\t\t<\/div>\n\t\t\t\t<\/div>\n\t\t<div class=\"elementor-element elementor-element-ffeae24 e-con-full e-flex e-con e-child\" data-id=\"ffeae24\" data-element_type=\"container\" data-e-type=\"container\">\n\t\t\t\t<div class=\"elementor-element elementor-element-afcc09a elementor-widget elementor-widget-heading\" data-id=\"afcc09a\" data-element_type=\"widget\" data-e-type=\"widget\" data-widget_type=\"heading.default\">\n\t\t\t\t\t<h2 class=\"elementor-heading-title elementor-size-default\">PRACTICAL PART<\/h2>\t\t\t\t<\/div>\n\t\t\t\t<div class=\"elementor-element elementor-element-edd3240 elementor-widget elementor-widget-heading\" data-id=\"edd3240\" data-element_type=\"widget\" data-e-type=\"widget\" data-widget_type=\"heading.default\">\n\t\t\t\t\t<h2 class=\"elementor-heading-title elementor-size-default\">Universit\u00e9 Claude Bernard, Facult\u00e9 de M\u00e9dicine, Lyon<\/h2>\t\t\t\t<\/div>\n\t\t\t\t<div class=\"elementor-element elementor-element-69d3f86 elementor-widget elementor-widget-text-editor\" data-id=\"69d3f86\" data-element_type=\"widget\" data-e-type=\"widget\" data-widget_type=\"text-editor.default\">\n\t\t\t\t\t\t\t\t\t<p><strong>Third &amp; Fourth Day<br \/><\/strong> Monday, June 29 and Tuesday, June 30, 2026<\/p>\t\t\t\t\t\t\t\t<\/div>\n\t\t\t\t<\/div>\n\t\t\t\t\t<\/div>\n\t\t\t\t<\/div>\n\t\t<div class=\"elementor-element elementor-element-f43b996 e-flex e-con-boxed e-con e-parent\" data-id=\"f43b996\" data-element_type=\"container\" data-e-type=\"container\">\n\t\t\t\t\t<div class=\"e-con-inner\">\n\t\t\t\t<div class=\"elementor-element elementor-element-5c612b0 elementor-widget elementor-widget-image\" data-id=\"5c612b0\" data-element_type=\"widget\" data-e-type=\"widget\" data-widget_type=\"image.default\">\n\t\t\t\t\t\t\t\t\t\t\t\t\t\t\t<img fetchpriority=\"high\" decoding=\"async\" width=\"420\" height=\"300\" src=\"https:\/\/espnworkshop.org\/wp-content\/uploads\/2026\/01\/Picture1.jpg\" class=\"attachment-large size-large wp-image-146\" alt=\"\" srcset=\"https:\/\/espnworkshop.org\/wp-content\/uploads\/2026\/01\/Picture1.jpg 420w, https:\/\/espnworkshop.org\/wp-content\/uploads\/2026\/01\/Picture1-300x214.jpg 300w\" sizes=\"(max-width: 420px) 100vw, 420px\" \/>\t\t\t\t\t\t\t\t\t\t\t\t\t\t\t<\/div>\n\t\t\t\t<div class=\"elementor-element elementor-element-66230f6 elementor-widget elementor-widget-image\" data-id=\"66230f6\" data-element_type=\"widget\" data-e-type=\"widget\" data-widget_type=\"image.default\">\n\t\t\t\t\t\t\t\t\t\t\t\t\t\t\t<img decoding=\"async\" width=\"420\" height=\"300\" src=\"https:\/\/espnworkshop.org\/wp-content\/uploads\/2026\/01\/Picture2.jpg\" class=\"attachment-large size-large wp-image-147\" alt=\"\" srcset=\"https:\/\/espnworkshop.org\/wp-content\/uploads\/2026\/01\/Picture2.jpg 420w, https:\/\/espnworkshop.org\/wp-content\/uploads\/2026\/01\/Picture2-300x214.jpg 300w\" sizes=\"(max-width: 420px) 100vw, 420px\" \/>\t\t\t\t\t\t\t\t\t\t\t\t\t\t\t<\/div>\n\t\t\t\t<div class=\"elementor-element elementor-element-62731a5 elementor-widget elementor-widget-image\" data-id=\"62731a5\" data-element_type=\"widget\" data-e-type=\"widget\" data-widget_type=\"image.default\">\n\t\t\t\t\t\t\t\t\t\t\t\t\t\t\t<img decoding=\"async\" width=\"420\" height=\"300\" src=\"https:\/\/espnworkshop.org\/wp-content\/uploads\/2026\/01\/Picture3.jpg\" class=\"attachment-large size-large wp-image-148\" alt=\"\" srcset=\"https:\/\/espnworkshop.org\/wp-content\/uploads\/2026\/01\/Picture3.jpg 420w, https:\/\/espnworkshop.org\/wp-content\/uploads\/2026\/01\/Picture3-300x214.jpg 300w\" sizes=\"(max-width: 420px) 100vw, 420px\" \/>\t\t\t\t\t\t\t\t\t\t\t\t\t\t\t<\/div>\n\t\t\t\t\t<\/div>\n\t\t\t\t<\/div>\n\t\t<div class=\"elementor-element elementor-element-8cb3e20 e-con-full e-flex e-con e-parent\" data-id=\"8cb3e20\" data-element_type=\"container\" data-e-type=\"container\">\n\t\t\t\t<div class=\"elementor-element elementor-element-19cf9d2 elementor-widget elementor-widget-html\" data-id=\"19cf9d2\" data-element_type=\"widget\" data-e-type=\"widget\" data-widget_type=\"html.default\">\n\t\t\t\t\t<iframe src=\"https:\/\/www.google.com\/maps\/d\/u\/0\/embed?mid=1Zkyr4K2QPgjKdqzVO7d5eOYmIkg&ehbc=2E312F\" width=\"640\" height=\"480\"><\/iframe>\t\t\t\t<\/div>\n\t\t\t\t<\/div>\n\t\t\t\t<\/div>\n\t\t","protected":false},"excerpt":{"rendered":"<p>THEORETICAL PART H\u00f4pital Louis Pradel, Lyon First &amp; Second DaySaturday, June 27 and Sunday, June 28, 2026 PRACTICAL PART Universit\u00e9 Claude Bernard, Facult\u00e9 de M\u00e9dicine, Lyon Third &amp; Fourth Day Monday, June 29 and Tuesday, June 30, 2026<\/p>\n","protected":false},"author":2,"featured_media":0,"parent":0,"menu_order":0,"comment_status":"closed","ping_status":"closed","template":"elementor_header_footer","meta":{"footnotes":""},"class_list":["post-144","page","type-page","status-publish","hentry"],"_links":{"self":[{"href":"https:\/\/espnworkshop.org\/index.php\/wp-json\/wp\/v2\/pages\/144","targetHints":{"allow":["GET"]}}],"collection":[{"href":"https:\/\/espnworkshop.org\/index.php\/wp-json\/wp\/v2\/pages"}],"about":[{"href":"https:\/\/espnworkshop.org\/index.php\/wp-json\/wp\/v2\/types\/page"}],"author":[{"embeddable":true,"href":"https:\/\/espnworkshop.org\/index.php\/wp-json\/wp\/v2\/users\/2"}],"replies":[{"embeddable":true,"href":"https:\/\/espnworkshop.org\/index.php\/wp-json\/wp\/v2\/comments?post=144"}],"version-history":[{"count":8,"href":"https:\/\/espnworkshop.org\/index.php\/wp-json\/wp\/v2\/pages\/144\/revisions"}],"predecessor-version":[{"id":277,"href":"https:\/\/espnworkshop.org\/index.php\/wp-json\/wp\/v2\/pages\/144\/revisions\/277"}],"wp:attachment":[{"href":"https:\/\/espnworkshop.org\/index.php\/wp-json\/wp\/v2\/media?parent=144"}],"curies":[{"name":"wp","href":"https:\/\/api.w.org\/{rel}","templated":true}]}}