{"id":83,"date":"2026-01-29T10:37:08","date_gmt":"2026-01-29T10:37:08","guid":{"rendered":"https:\/\/espnworkshop.org\/?page_id=83"},"modified":"2026-01-29T11:00:56","modified_gmt":"2026-01-29T11:00:56","slug":"organization","status":"publish","type":"page","link":"https:\/\/espnworkshop.org\/index.php\/organization\/","title":{"rendered":"Organization"},"content":{"rendered":"\t\t<div data-elementor-type=\"wp-page\" data-elementor-id=\"83\" class=\"elementor elementor-83\" data-elementor-post-type=\"page\">\n\t\t\t\t<div class=\"elementor-element elementor-element-30aeb86 e-con-full e-flex e-con e-parent\" data-id=\"30aeb86\" data-element_type=\"container\" data-e-type=\"container\" data-settings=\"{&quot;background_background&quot;:&quot;classic&quot;,&quot;shape_divider_bottom&quot;:&quot;mountains&quot;}\">\n\t\t\t\t<div class=\"elementor-shape elementor-shape-bottom\" aria-hidden=\"true\" data-negative=\"false\">\n\t\t\t<svg xmlns=\"http:\/\/www.w3.org\/2000\/svg\" viewBox=\"0 0 1000 100\" preserveAspectRatio=\"none\">\n\t<path class=\"elementor-shape-fill\" opacity=\"0.33\" d=\"M473,67.3c-203.9,88.3-263.1-34-320.3,0C66,119.1,0,59.7,0,59.7V0h1000v59.7 c0,0-62.1,26.1-94.9,29.3c-32.8,3.3-62.8-12.3-75.8-22.1C806,49.6,745.3,8.7,694.9,4.7S492.4,59,473,67.3z\"\/>\n\t<path class=\"elementor-shape-fill\" opacity=\"0.66\" d=\"M734,67.3c-45.5,0-77.2-23.2-129.1-39.1c-28.6-8.7-150.3-10.1-254,39.1 s-91.7-34.4-149.2,0C115.7,118.3,0,39.8,0,39.8V0h1000v36.5c0,0-28.2-18.5-92.1-18.5C810.2,18.1,775.7,67.3,734,67.3z\"\/>\n\t<path class=\"elementor-shape-fill\" d=\"M766.1,28.9c-200-57.5-266,65.5-395.1,19.5C242,1.8,242,5.4,184.8,20.6C128,35.8,132.3,44.9,89.9,52.5C28.6,63.7,0,0,0,0 h1000c0,0-9.9,40.9-83.6,48.1S829.6,47,766.1,28.9z\"\/>\n<\/svg>\t\t<\/div>\n\t\t\t\t<div class=\"elementor-element elementor-element-aa11f71 elementor-widget__width-inherit elementor-widget elementor-widget-html\" data-id=\"aa11f71\" data-element_type=\"widget\" data-e-type=\"widget\" data-widget_type=\"html.default\">\n\t\t\t\t\t<div class=\"bird-container bird-container--one\">\n\t\t<div class=\"bird bird--one\"><\/div>\n\t<\/div>\n\t\n\t<div class=\"bird-container bird-container--two\">\n\t\t<div class=\"bird bird--two\"><\/div>\n\t<\/div>\n\t\n\t<div class=\"bird-container bird-container--three\">\n\t\t<div class=\"bird bird--three\"><\/div>\n\t<\/div>\n\t\n\t<div class=\"bird-container bird-container--four\">\n\t\t<div class=\"bird bird--four\"><\/div>\n\t<\/div>\t\t\t\t<\/div>\n\t\t\t\t<\/div>\n\t\t<div class=\"elementor-element elementor-element-98d4ec4 e-flex e-con-boxed e-con e-parent\" data-id=\"98d4ec4\" data-element_type=\"container\" data-e-type=\"container\">\n\t\t\t\t\t<div class=\"e-con-inner\">\n\t\t\t\t<div class=\"elementor-element elementor-element-7ca2ccd elementor-widget elementor-widget-heading\" data-id=\"7ca2ccd\" data-element_type=\"widget\" data-e-type=\"widget\" data-widget_type=\"heading.default\">\n\t\t\t\t\t<h2 class=\"elementor-heading-title elementor-size-default\">Organized by:<\/h2>\t\t\t\t<\/div>\n\t\t\t\t<div class=\"elementor-element elementor-element-1eeb286 elementor-widget elementor-widget-image\" data-id=\"1eeb286\" data-element_type=\"widget\" data-e-type=\"widget\" data-widget_type=\"image.default\">\n\t\t\t\t\t\t\t\t\t\t\t\t\t\t\t<img decoding=\"async\" width=\"261\" height=\"50\" src=\"https:\/\/espnworkshop.org\/wp-content\/uploads\/2026\/01\/ESPN_society_LOGO.png\" class=\"attachment-full size-full wp-image-23\" alt=\"\" \/>\t\t\t\t\t\t\t\t\t\t\t\t\t\t\t<\/div>\n\t\t\t\t<div class=\"elementor-element elementor-element-954c398 elementor-widget elementor-widget-text-editor\" data-id=\"954c398\" data-element_type=\"widget\" data-e-type=\"widget\" data-widget_type=\"text-editor.default\">\n\t\t\t\t\t\t\t\t\t<p>6, chemin de la Gravi\u00e8re, Case postale 71, 1211 Geneva, Switzerland<br \/><br \/><\/p>\t\t\t\t\t\t\t\t<\/div>\n\t\t\t\t\t<\/div>\n\t\t\t\t<\/div>\n\t\t<div class=\"elementor-element elementor-element-0daac95 e-flex e-con-boxed e-con e-parent\" data-id=\"0daac95\" data-element_type=\"container\" data-e-type=\"container\">\n\t\t\t\t\t<div class=\"e-con-inner\">\n\t\t\t\t<div class=\"elementor-element elementor-element-c103834 elementor-widget elementor-widget-heading\" data-id=\"c103834\" data-element_type=\"widget\" data-e-type=\"widget\" data-widget_type=\"heading.default\">\n\t\t\t\t\t<h2 class=\"elementor-heading-title elementor-size-default\">Executive Board (2025-2027)<\/h2>\t\t\t\t<\/div>\n\t\t\t\t\t<\/div>\n\t\t\t\t<\/div>\n\t\t<div class=\"elementor-element elementor-element-cd5ad77 e-flex e-con-boxed e-con e-parent\" data-id=\"cd5ad77\" data-element_type=\"container\" data-e-type=\"container\">\n\t\t\t\t\t<div class=\"e-con-inner\">\n\t\t\t\t<div class=\"elementor-element elementor-element-6a03275 elementor-widget-tablet__width-initial elementor-position-top elementor-widget elementor-widget-image-box\" data-id=\"6a03275\" data-element_type=\"widget\" data-e-type=\"widget\" data-widget_type=\"image-box.default\">\n\t\t\t\t\t<div class=\"elementor-image-box-wrapper\"><figure class=\"elementor-image-box-img\"><img fetchpriority=\"high\" decoding=\"async\" width=\"400\" height=\"400\" src=\"https:\/\/espnworkshop.org\/wp-content\/uploads\/2026\/01\/DiRocco_F.jpg\" class=\"attachment-full size-full wp-image-85\" alt=\"\" srcset=\"https:\/\/espnworkshop.org\/wp-content\/uploads\/2026\/01\/DiRocco_F.jpg 400w, https:\/\/espnworkshop.org\/wp-content\/uploads\/2026\/01\/DiRocco_F-300x300.jpg 300w, https:\/\/espnworkshop.org\/wp-content\/uploads\/2026\/01\/DiRocco_F-150x150.jpg 150w\" sizes=\"(max-width: 400px) 100vw, 400px\" \/><\/figure><div class=\"elementor-image-box-content\"><h3 class=\"elementor-image-box-title\">Federico Di Rocco<\/h3><p class=\"elementor-image-box-description\">President <br><br>Professeur, Neurochirurgie P\u00e9diatrique, <br>H\u00f4pital Femme M\u00e8re Enfant Universit\u00e9 De Lyon, <br>France<\/p><\/div><\/div>\t\t\t\t<\/div>\n\t\t\t\t<div class=\"elementor-element elementor-element-d014d58 elementor-widget-tablet__width-initial elementor-position-top elementor-widget elementor-widget-image-box\" data-id=\"d014d58\" data-element_type=\"widget\" data-e-type=\"widget\" data-widget_type=\"image-box.default\">\n\t\t\t\t\t<div class=\"elementor-image-box-wrapper\"><figure class=\"elementor-image-box-img\"><img decoding=\"async\" width=\"400\" height=\"400\" src=\"https:\/\/espnworkshop.org\/wp-content\/uploads\/2026\/01\/vanVeelenVincent.jpg\" class=\"attachment-full size-full wp-image-90\" alt=\"\" srcset=\"https:\/\/espnworkshop.org\/wp-content\/uploads\/2026\/01\/vanVeelenVincent.jpg 400w, https:\/\/espnworkshop.org\/wp-content\/uploads\/2026\/01\/vanVeelenVincent-300x300.jpg 300w, https:\/\/espnworkshop.org\/wp-content\/uploads\/2026\/01\/vanVeelenVincent-150x150.jpg 150w\" sizes=\"(max-width: 400px) 100vw, 400px\" \/><\/figure><div class=\"elementor-image-box-content\"><h3 class=\"elementor-image-box-title\">Marie-Lise Van Veelen <\/h3><p class=\"elementor-image-box-description\">President Elect<br><br>Neurosurgeon, Lead of Pediatric Neurosurgery <br>at Erasmus University Rotterdam,<br>The Netherlands<\/p><\/div><\/div>\t\t\t\t<\/div>\n\t\t\t\t<div class=\"elementor-element elementor-element-aee4e2a elementor-widget-tablet__width-initial elementor-position-top elementor-widget elementor-widget-image-box\" data-id=\"aee4e2a\" data-element_type=\"widget\" data-e-type=\"widget\" data-widget_type=\"image-box.default\">\n\t\t\t\t\t<div class=\"elementor-image-box-wrapper\"><figure class=\"elementor-image-box-img\"><img loading=\"lazy\" decoding=\"async\" width=\"400\" height=\"400\" src=\"https:\/\/espnworkshop.org\/wp-content\/uploads\/2026\/01\/Thompson.jpg\" class=\"attachment-full size-full wp-image-89\" alt=\"\" srcset=\"https:\/\/espnworkshop.org\/wp-content\/uploads\/2026\/01\/Thompson.jpg 400w, https:\/\/espnworkshop.org\/wp-content\/uploads\/2026\/01\/Thompson-300x300.jpg 300w, https:\/\/espnworkshop.org\/wp-content\/uploads\/2026\/01\/Thompson-150x150.jpg 150w\" sizes=\"(max-width: 400px) 100vw, 400px\" \/><\/figure><div class=\"elementor-image-box-content\"><h3 class=\"elementor-image-box-title\">Dominic Thompson <\/h3><p class=\"elementor-image-box-description\">Past President<br><br>Great Ormond Street Hospital for Children NHS Trust, <br>London, United Kingdom\n<\/p><\/div><\/div>\t\t\t\t<\/div>\n\t\t\t\t\t<\/div>\n\t\t\t\t<\/div>\n\t\t<div class=\"elementor-element elementor-element-4096b8b e-flex e-con-boxed e-con e-parent\" data-id=\"4096b8b\" data-element_type=\"container\" data-e-type=\"container\">\n\t\t\t\t\t<div class=\"e-con-inner\">\n\t\t\t\t<div class=\"elementor-element elementor-element-c97a510 elementor-widget-tablet__width-initial elementor-position-top elementor-widget elementor-widget-image-box\" data-id=\"c97a510\" data-element_type=\"widget\" data-e-type=\"widget\" data-widget_type=\"image-box.default\">\n\t\t\t\t\t<div class=\"elementor-image-box-wrapper\"><figure class=\"elementor-image-box-img\"><img loading=\"lazy\" decoding=\"async\" width=\"400\" height=\"400\" src=\"https:\/\/espnworkshop.org\/wp-content\/uploads\/2026\/01\/Hinojosa_.jpg\" class=\"attachment-full size-full wp-image-91\" alt=\"\" srcset=\"https:\/\/espnworkshop.org\/wp-content\/uploads\/2026\/01\/Hinojosa_.jpg 400w, https:\/\/espnworkshop.org\/wp-content\/uploads\/2026\/01\/Hinojosa_-300x300.jpg 300w, https:\/\/espnworkshop.org\/wp-content\/uploads\/2026\/01\/Hinojosa_-150x150.jpg 150w\" sizes=\"(max-width: 400px) 100vw, 400px\" \/><\/figure><div class=\"elementor-image-box-content\"><h3 class=\"elementor-image-box-title\">Jose Hinojosa Mena-Bernal <\/h3><p class=\"elementor-image-box-description\">Secretary<br><br> Neurosurgery, Hospital Sant Joan De Deu, <br>Valencia, Spain<\/p><\/div><\/div>\t\t\t\t<\/div>\n\t\t\t\t<div class=\"elementor-element elementor-element-19fa77b elementor-widget-tablet__width-initial elementor-position-top elementor-widget elementor-widget-image-box\" data-id=\"19fa77b\" data-element_type=\"widget\" data-e-type=\"widget\" data-widget_type=\"image-box.default\">\n\t\t\t\t\t<div class=\"elementor-image-box-wrapper\"><figure class=\"elementor-image-box-img\"><img loading=\"lazy\" decoding=\"async\" width=\"400\" height=\"400\" src=\"https:\/\/espnworkshop.org\/wp-content\/uploads\/2026\/01\/Szathmari.jpg\" class=\"attachment-full size-full wp-image-92\" alt=\"\" srcset=\"https:\/\/espnworkshop.org\/wp-content\/uploads\/2026\/01\/Szathmari.jpg 400w, https:\/\/espnworkshop.org\/wp-content\/uploads\/2026\/01\/Szathmari-300x300.jpg 300w, https:\/\/espnworkshop.org\/wp-content\/uploads\/2026\/01\/Szathmari-150x150.jpg 150w\" sizes=\"(max-width: 400px) 100vw, 400px\" \/><\/figure><div class=\"elementor-image-box-content\"><h3 class=\"elementor-image-box-title\">Alexandru Szathmari <\/h3><p class=\"elementor-image-box-description\">Secretary Elect<br><br> <\/p><\/div><\/div>\t\t\t\t<\/div>\n\t\t\t\t<div class=\"elementor-element elementor-element-d1a2fd8 elementor-widget-tablet__width-initial elementor-position-top elementor-widget elementor-widget-image-box\" data-id=\"d1a2fd8\" data-element_type=\"widget\" data-e-type=\"widget\" data-widget_type=\"image-box.default\">\n\t\t\t\t\t<div class=\"elementor-image-box-wrapper\"><figure class=\"elementor-image-box-img\"><img loading=\"lazy\" decoding=\"async\" width=\"400\" height=\"400\" src=\"https:\/\/espnworkshop.org\/wp-content\/uploads\/2026\/01\/Schuhmann.jpg\" class=\"attachment-full size-full wp-image-88\" alt=\"\" srcset=\"https:\/\/espnworkshop.org\/wp-content\/uploads\/2026\/01\/Schuhmann.jpg 400w, https:\/\/espnworkshop.org\/wp-content\/uploads\/2026\/01\/Schuhmann-300x300.jpg 300w, https:\/\/espnworkshop.org\/wp-content\/uploads\/2026\/01\/Schuhmann-150x150.jpg 150w\" sizes=\"(max-width: 400px) 100vw, 400px\" \/><\/figure><div class=\"elementor-image-box-content\"><h3 class=\"elementor-image-box-title\">Martin U. Schuhmann <\/h3><p class=\"elementor-image-box-description\">Treasurer<br><br> Professor, Head of Pediatric Neurosurgery, <br>University Hospital of Tuebingen, <br>Germany <\/p><\/div><\/div>\t\t\t\t<\/div>\n\t\t\t\t<div class=\"elementor-element elementor-element-1817307 elementor-widget-tablet__width-initial elementor-position-top elementor-widget elementor-widget-image-box\" data-id=\"1817307\" data-element_type=\"widget\" data-e-type=\"widget\" data-widget_type=\"image-box.default\">\n\t\t\t\t\t<div class=\"elementor-image-box-wrapper\"><figure class=\"elementor-image-box-img\"><img loading=\"lazy\" decoding=\"async\" width=\"400\" height=\"400\" src=\"https:\/\/espnworkshop.org\/wp-content\/uploads\/2026\/01\/Fric.jpg\" class=\"attachment-full size-full wp-image-86\" alt=\"\" srcset=\"https:\/\/espnworkshop.org\/wp-content\/uploads\/2026\/01\/Fric.jpg 400w, https:\/\/espnworkshop.org\/wp-content\/uploads\/2026\/01\/Fric-300x300.jpg 300w, https:\/\/espnworkshop.org\/wp-content\/uploads\/2026\/01\/Fric-150x150.jpg 150w\" sizes=\"(max-width: 400px) 100vw, 400px\" \/><\/figure><div class=\"elementor-image-box-content\"><h3 class=\"elementor-image-box-title\">Radek Fri\u010d <\/h3><p class=\"elementor-image-box-description\">Treasurer Elect<br><br><\/p><\/div><\/div>\t\t\t\t<\/div>\n\t\t\t\t\t<\/div>\n\t\t\t\t<\/div>\n\t\t\t\t<\/div>\n\t\t","protected":false},"excerpt":{"rendered":"<p>Organized by: 6, chemin de la Gravi\u00e8re, Case postale 71, 1211 Geneva, Switzerland Executive Board (2025-2027) Federico Di Rocco President Professeur, Neurochirurgie P\u00e9diatrique, H\u00f4pital Femme M\u00e8re Enfant Universit\u00e9 De Lyon, France Marie-Lise Van Veelen President Elect Neurosurgeon, Lead of Pediatric Neurosurgery at Erasmus University Rotterdam,The Netherlands Dominic Thompson Past President Great Ormond Street Hospital for [&hellip;]<\/p>\n","protected":false},"author":2,"featured_media":0,"parent":0,"menu_order":0,"comment_status":"closed","ping_status":"closed","template":"elementor_header_footer","meta":{"footnotes":""},"class_list":["post-83","page","type-page","status-publish","hentry"],"_links":{"self":[{"href":"https:\/\/espnworkshop.org\/index.php\/wp-json\/wp\/v2\/pages\/83","targetHints":{"allow":["GET"]}}],"collection":[{"href":"https:\/\/espnworkshop.org\/index.php\/wp-json\/wp\/v2\/pages"}],"about":[{"href":"https:\/\/espnworkshop.org\/index.php\/wp-json\/wp\/v2\/types\/page"}],"author":[{"embeddable":true,"href":"https:\/\/espnworkshop.org\/index.php\/wp-json\/wp\/v2\/users\/2"}],"replies":[{"embeddable":true,"href":"https:\/\/espnworkshop.org\/index.php\/wp-json\/wp\/v2\/comments?post=83"}],"version-history":[{"count":7,"href":"https:\/\/espnworkshop.org\/index.php\/wp-json\/wp\/v2\/pages\/83\/revisions"}],"predecessor-version":[{"id":98,"href":"https:\/\/espnworkshop.org\/index.php\/wp-json\/wp\/v2\/pages\/83\/revisions\/98"}],"wp:attachment":[{"href":"https:\/\/espnworkshop.org\/index.php\/wp-json\/wp\/v2\/media?parent=83"}],"curies":[{"name":"wp","href":"https:\/\/api.w.org\/{rel}","templated":true}]}}